{"id":3716,"date":"2024-11-04T16:47:44","date_gmt":"2024-11-04T07:47:44","guid":{"rendered":"https:\/\/en.dev.vietcafe-learning.com\/material\/?page_id=3716"},"modified":"2024-11-04T16:47:44","modified_gmt":"2024-11-04T07:47:44","slug":"kids-material-list","status":"publish","type":"page","link":"https:\/\/en.dev.vietcafe-learning.com\/material\/kids-material-list\/","title":{"rendered":"Kids material list"},"content":{"rendered":"<p><img decoding=\"async\" loading=\"lazy\" class=\"wp-image-4162 aligncenter\" src=\"https:\/\/vietcafe-learning.com\/material\/wp-content\/uploads\/2024\/10\/22574653.png\" alt=\"\" width=\"543\" height=\"345\" \/><\/p>\n<table class=\"material_table\">\n<tbody>\n<tr>\n<th>Section<\/th>\n<th>Kids material<\/th>\n<\/tr>\n<tr>\n<td>1<\/td>\n<td><a class=\"row-title\" href=\"\/material\/kids1\/\" aria-label=\"Alphabet (a~g)\">Alphabet (a~g)<\/a><\/td>\n<\/tr>\n<tr>\n<td>2<\/td>\n<td><a class=\"row-title\" href=\"\/material\/kids2\/\" aria-label=\"Alphabet (h~\u01a1)\">Alphabet (h~\u01a1)<\/a><\/td>\n<\/tr>\n<tr>\n<td>3<\/td>\n<td><a class=\"row-title\" href=\"\/material\/kids3\/\" aria-label=\"Alphabet (p~y)\">Alphabet (p~y)<\/a><\/td>\n<\/tr>\n<tr>\n<td>4<\/td>\n<td><a class=\"row-title\" href=\"\/material\/kids4\/\" aria-label=\"Alphabet (digraphs and trigraphs)\">Alphabet (digraphs and trigraphs)<\/a><\/td>\n<\/tr>\n<tr>\n<td>5<\/td>\n<td><a class=\"row-title\" href=\"\/material\/kids5\/\" aria-label=\"What\u2019s your name? \/ B\u1ea1n t\u00ean l\u00e0 g\u00ec?\">What\u2019s your name? \/ B\u1ea1n t\u00ean l\u00e0 g\u00ec?<\/a><\/td>\n<\/tr>\n<tr>\n<td>6<\/td>\n<td><a class=\"row-title\" href=\"\/material\/kids6\/\" aria-label=\"How are you? \/ B\u1ea1n c\u00f3 kh\u1ecfe kh\u00f4ng?\">How are you? \/ B\u1ea1n c\u00f3 kh\u1ecfe kh\u00f4ng?<\/a><\/td>\n<\/tr>\n<tr>\n<td>7<\/td>\n<td><a class=\"row-title\" href=\"\/material\/kids7\/\" aria-label=\"Numbers and how to count numbers \/ S\u1ed1 v\u00e0 c\u00e1ch \u0111\u1ebfm s\u1ed1\">Numbers and how to count numbers \/ S\u1ed1 v\u00e0 c\u00e1ch \u0111\u1ebfm s\u1ed1<\/a><\/td>\n<\/tr>\n<tr>\n<td>8<\/td>\n<td><a class=\"row-title\" href=\"\/material\/kids8\/\" aria-label=\"How old are you? \/ H\u1ecfi tu\u1ed5i\">How old are you? \/ H\u1ecfi tu\u1ed5i<\/a><\/td>\n<\/tr>\n<tr>\n<td>9<\/td>\n<td><a class=\"row-title\" href=\"\/material\/kids9\/\" aria-label=\"What time is it? \/ M\u1ea5y gi\u1edd?\">What time is it? \/ M\u1ea5y gi\u1edd?<\/a><\/td>\n<\/tr>\n<tr>\n<td>10<\/td>\n<td><a class=\"row-title\" href=\"\/material\/kids10\/\" aria-label=\"Colors \/ M\u00e0u s\u1eafc\">Colors \/ M\u00e0u s\u1eafc<\/a><\/td>\n<\/tr>\n<\/tbody>\n<\/table>\n\n<!-- Quick Adsense WordPress Plugin: http:\/\/quickadsense.com\/ -->\n<div class=\"f77218ebe968c7dc859a5bfd34a26c48\" data-index=\"1\" style=\"float: none; margin:10px 0 10px 0; text-align:center;\">\n<script async src=\"https:\/\/pagead2.googlesyndication.com\/pagead\/js\/adsbygoogle.js\"><\/script>\r\n<!-- VIETCAFE\u5e83\u544a2 -->\r\n<ins class=\"adsbygoogle\"\r\n     style=\"display:block\"\r\n     data-ad-client=\"ca-pub-4987689956940779\"\r\n     data-ad-slot=\"2300495280\"\r\n     data-ad-format=\"auto\"\r\n     data-full-width-responsive=\"true\"><\/ins>\r\n<script>\r\n     (adsbygoogle = window.adsbygoogle || []).push({});\r\n<\/script>\n<\/div>\n\n<div style=\"font-size: 0px; height: 0px; line-height: 0px; margin: 0; padding: 0; clear: both;\"><\/div>","protected":false},"excerpt":{"rendered":"<p>Section Kids material 1 Alphabet (a~g) 2 Alphabet (h~\u01a1) 3 Alphabet (p~y) 4 Alphabet (digraphs and trigraphs) 5 What\u2019s your name? \/ B\u1ea1n t\u00ean l\u00e0 g\u00ec? 6 How are you?&#8230;<\/p>\n","protected":false},"author":1,"featured_media":0,"parent":0,"menu_order":0,"comment_status":"closed","ping_status":"closed","template":"","meta":[],"_links":{"self":[{"href":"https:\/\/en.dev.vietcafe-learning.com\/material\/wp-json\/wp\/v2\/pages\/3716"}],"collection":[{"href":"https:\/\/en.dev.vietcafe-learning.com\/material\/wp-json\/wp\/v2\/pages"}],"about":[{"href":"https:\/\/en.dev.vietcafe-learning.com\/material\/wp-json\/wp\/v2\/types\/page"}],"author":[{"embeddable":true,"href":"https:\/\/en.dev.vietcafe-learning.com\/material\/wp-json\/wp\/v2\/users\/1"}],"replies":[{"embeddable":true,"href":"https:\/\/en.dev.vietcafe-learning.com\/material\/wp-json\/wp\/v2\/comments?post=3716"}],"version-history":[{"count":2,"href":"https:\/\/en.dev.vietcafe-learning.com\/material\/wp-json\/wp\/v2\/pages\/3716\/revisions"}],"predecessor-version":[{"id":3718,"href":"https:\/\/en.dev.vietcafe-learning.com\/material\/wp-json\/wp\/v2\/pages\/3716\/revisions\/3718"}],"wp:attachment":[{"href":"https:\/\/en.dev.vietcafe-learning.com\/material\/wp-json\/wp\/v2\/media?parent=3716"}],"curies":[{"name":"wp","href":"https:\/\/api.w.org\/{rel}","templated":true}]}}